{"id":4935,"date":"2026-02-13T12:35:32","date_gmt":"2026-02-13T17:35:32","guid":{"rendered":"https:\/\/peru-adventures.com\/my-account\/"},"modified":"2026-02-25T17:14:51","modified_gmt":"2026-02-25T22:14:51","slug":"my-account","status":"publish","type":"page","link":"https:\/\/peru-adventures.com\/es\/my-account\/","title":{"rendered":"My account"},"content":{"rendered":"<div data-elementor-type=\"wp-page\" data-elementor-id=\"4935\" class=\"elementor elementor-4935\" data-elementor-post-type=\"page\">\n\t\t\t\t<div class=\"elementor-element elementor-element-76b45c6f e-flex e-con-boxed e-con e-parent\" data-id=\"76b45c6f\" data-element_type=\"container\">\n\t\t\t\t\t<div class=\"e-con-inner\">\n\t\t\t\t<div class=\"elementor-element elementor-element-3da61384 elementor-widget elementor-widget-text-editor\" data-id=\"3da61384\" data-element_type=\"widget\" data-widget_type=\"text-editor.default\">\n\t\t\t\t<div class=\"elementor-widget-container\">\n\t\t\t\t\t\t\t\t\t<p><div class=\"woocommerce\"><\/div><\/p>\n\t\t\t\t\t\t\t\t<\/div>\n\t\t\t\t<\/div>\n\t\t\t\t\t<\/div>\n\t\t\t\t<\/div>\n\t\t\t\t<\/div>","protected":false},"excerpt":{"rendered":"","protected":false},"author":1,"featured_media":0,"parent":0,"menu_order":0,"comment_status":"closed","ping_status":"closed","template":"","meta":{"_acf_changed":false,"footnotes":""},"class_list":["post-4935","page","type-page","status-publish","hentry"],"acf":[],"yoast_head":"<!-- This site is optimized with the Yoast SEO plugin v27.3 - https:\/\/yoast.com\/product\/yoast-seo-wordpress\/ -->\n<title>My account | Peru Adventures Travel<\/title>\n<meta name=\"robots\" content=\"index, follow, max-snippet:-1, max-image-preview:large, max-video-preview:-1\" \/>\n<link rel=\"canonical\" href=\"https:\/\/peru-adventures.com\/es\/my-account\/\" \/>\n<meta property=\"og:locale\" content=\"es_ES\" \/>\n<meta property=\"og:type\" content=\"article\" \/>\n<meta property=\"og:title\" content=\"My account | Peru Adventures Travel\" \/>\n<meta property=\"og:url\" content=\"https:\/\/peru-adventures.com\/es\/my-account\/\" \/>\n<meta property=\"og:site_name\" content=\"Peru Adventures Travel\" \/>\n<meta property=\"article:publisher\" content=\"https:\/\/www.facebook.com\/PeruAdventuresTours\/\" \/>\n<meta property=\"article:modified_time\" content=\"2026-02-25T22:14:51+00:00\" \/>\n<meta property=\"og:image\" content=\"https:\/\/peru-adventures.com\/wp-content\/uploads\/logo-c-v.png\" \/>\n\t<meta property=\"og:image:width\" content=\"1200\" \/>\n\t<meta property=\"og:image:height\" content=\"666\" \/>\n\t<meta property=\"og:image:type\" content=\"image\/png\" \/>\n<meta name=\"twitter:card\" content=\"summary_large_image\" \/>\n<meta name=\"twitter:label1\" content=\"Tiempo de lectura\" \/>\n\t<meta name=\"twitter:data1\" content=\"1 minuto\" \/>\n<script type=\"application\/ld+json\" class=\"yoast-schema-graph\">{\"@context\":\"https:\\\/\\\/schema.org\",\"@graph\":[{\"@type\":\"WebPage\",\"@id\":\"https:\\\/\\\/peru-adventures.com\\\/my-account\\\/\",\"url\":\"https:\\\/\\\/peru-adventures.com\\\/my-account\\\/\",\"name\":\"My account | Peru Adventures Travel\",\"isPartOf\":{\"@id\":\"https:\\\/\\\/peru-adventures.com\\\/#website\"},\"datePublished\":\"2026-02-13T17:35:32+00:00\",\"dateModified\":\"2026-02-25T22:14:51+00:00\",\"breadcrumb\":{\"@id\":\"https:\\\/\\\/peru-adventures.com\\\/my-account\\\/#breadcrumb\"},\"inLanguage\":\"es\",\"potentialAction\":[{\"@type\":\"ReadAction\",\"target\":[\"https:\\\/\\\/peru-adventures.com\\\/my-account\\\/\"]}]},{\"@type\":\"BreadcrumbList\",\"@id\":\"https:\\\/\\\/peru-adventures.com\\\/my-account\\\/#breadcrumb\",\"itemListElement\":[{\"@type\":\"ListItem\",\"position\":1,\"name\":\"Home\",\"item\":\"https:\\\/\\\/peru-adventures.com\\\/\"},{\"@type\":\"ListItem\",\"position\":2,\"name\":\"My account\"}]},{\"@type\":\"WebSite\",\"@id\":\"https:\\\/\\\/peru-adventures.com\\\/#website\",\"url\":\"https:\\\/\\\/peru-adventures.com\\\/\",\"name\":\"Peru Adventures Travel\",\"description\":\"We Organize Tours and Expeditions in Peru and South America\",\"publisher\":{\"@id\":\"https:\\\/\\\/peru-adventures.com\\\/#organization\"},\"potentialAction\":[{\"@type\":\"SearchAction\",\"target\":{\"@type\":\"EntryPoint\",\"urlTemplate\":\"https:\\\/\\\/peru-adventures.com\\\/?s={search_term_string}\"},\"query-input\":{\"@type\":\"PropertyValueSpecification\",\"valueRequired\":true,\"valueName\":\"search_term_string\"}}],\"inLanguage\":\"es\"},{\"@type\":\"Organization\",\"@id\":\"https:\\\/\\\/peru-adventures.com\\\/#organization\",\"name\":\"Peru Adventures Travel\",\"alternateName\":\"Peru Adventures\",\"url\":\"https:\\\/\\\/peru-adventures.com\\\/\",\"logo\":{\"@type\":\"ImageObject\",\"inLanguage\":\"es\",\"@id\":\"https:\\\/\\\/peru-adventures.com\\\/#\\\/schema\\\/logo\\\/image\\\/\",\"url\":\"https:\\\/\\\/peru-adventures.com\\\/wp-content\\\/uploads\\\/logo-c-v.png\",\"contentUrl\":\"https:\\\/\\\/peru-adventures.com\\\/wp-content\\\/uploads\\\/logo-c-v.png\",\"width\":1200,\"height\":666,\"caption\":\"Peru Adventures Travel\"},\"image\":{\"@id\":\"https:\\\/\\\/peru-adventures.com\\\/#\\\/schema\\\/logo\\\/image\\\/\"},\"sameAs\":[\"https:\\\/\\\/www.facebook.com\\\/PeruAdventuresTours\\\/\",\"https:\\\/\\\/www.instagram.com\\\/peruadventurestravel\\\/\",\"https:\\\/\\\/www.tripadvisor.com.pe\\\/Attraction_Review-g304039-d24014924-Reviews-Peru_Adventures-Huaraz_Ancash_Region.html\"]}]}<\/script>\n<!-- \/ Yoast SEO plugin. -->","yoast_head_json":{"title":"My account | Peru Adventures Travel","robots":{"index":"index","follow":"follow","max-snippet":"max-snippet:-1","max-image-preview":"max-image-preview:large","max-video-preview":"max-video-preview:-1"},"canonical":"https:\/\/peru-adventures.com\/es\/my-account\/","og_locale":"es_ES","og_type":"article","og_title":"My account | Peru Adventures Travel","og_url":"https:\/\/peru-adventures.com\/es\/my-account\/","og_site_name":"Peru Adventures Travel","article_publisher":"https:\/\/www.facebook.com\/PeruAdventuresTours\/","article_modified_time":"2026-02-25T22:14:51+00:00","og_image":[{"width":1200,"height":666,"url":"https:\/\/peru-adventures.com\/wp-content\/uploads\/logo-c-v.png","type":"image\/png"}],"twitter_card":"summary_large_image","twitter_misc":{"Tiempo de lectura":"1 minuto"},"schema":{"@context":"https:\/\/schema.org","@graph":[{"@type":"WebPage","@id":"https:\/\/peru-adventures.com\/my-account\/","url":"https:\/\/peru-adventures.com\/my-account\/","name":"My account | Peru Adventures Travel","isPartOf":{"@id":"https:\/\/peru-adventures.com\/#website"},"datePublished":"2026-02-13T17:35:32+00:00","dateModified":"2026-02-25T22:14:51+00:00","breadcrumb":{"@id":"https:\/\/peru-adventures.com\/my-account\/#breadcrumb"},"inLanguage":"es","potentialAction":[{"@type":"ReadAction","target":["https:\/\/peru-adventures.com\/my-account\/"]}]},{"@type":"BreadcrumbList","@id":"https:\/\/peru-adventures.com\/my-account\/#breadcrumb","itemListElement":[{"@type":"ListItem","position":1,"name":"Home","item":"https:\/\/peru-adventures.com\/"},{"@type":"ListItem","position":2,"name":"My account"}]},{"@type":"WebSite","@id":"https:\/\/peru-adventures.com\/#website","url":"https:\/\/peru-adventures.com\/","name":"Viajes de Aventuras en Per\u00fa","description":"Organizamos Tours y Expediciones en Per\u00fa y Sudam\u00e9rica","publisher":{"@id":"https:\/\/peru-adventures.com\/#organization"},"potentialAction":[{"@type":"SearchAction","target":{"@type":"EntryPoint","urlTemplate":"https:\/\/peru-adventures.com\/?s={search_term_string}"},"query-input":{"@type":"PropertyValueSpecification","valueRequired":true,"valueName":"search_term_string"}}],"inLanguage":"es"},{"@type":"Organization","@id":"https:\/\/peru-adventures.com\/#organization","name":"Viajes de Aventuras en Per\u00fa","alternateName":"Peru Adventures","url":"https:\/\/peru-adventures.com\/","logo":{"@type":"ImageObject","inLanguage":"es","@id":"https:\/\/peru-adventures.com\/#\/schema\/logo\/image\/","url":"https:\/\/peru-adventures.com\/wp-content\/uploads\/logo-c-v.png","contentUrl":"https:\/\/peru-adventures.com\/wp-content\/uploads\/logo-c-v.png","width":1200,"height":666,"caption":"Peru Adventures Travel"},"image":{"@id":"https:\/\/peru-adventures.com\/#\/schema\/logo\/image\/"},"sameAs":["https:\/\/www.facebook.com\/PeruAdventuresTours\/","https:\/\/www.instagram.com\/peruadventurestravel\/","https:\/\/www.tripadvisor.com.pe\/Attraction_Review-g304039-d24014924-Reviews-Peru_Adventures-Huaraz_Ancash_Region.html"]}]}},"_links":{"self":[{"href":"https:\/\/peru-adventures.com\/es\/wp-json\/wp\/v2\/pages\/4935","targetHints":{"allow":["GET"]}}],"collection":[{"href":"https:\/\/peru-adventures.com\/es\/wp-json\/wp\/v2\/pages"}],"about":[{"href":"https:\/\/peru-adventures.com\/es\/wp-json\/wp\/v2\/types\/page"}],"author":[{"embeddable":true,"href":"https:\/\/peru-adventures.com\/es\/wp-json\/wp\/v2\/users\/1"}],"replies":[{"embeddable":true,"href":"https:\/\/peru-adventures.com\/es\/wp-json\/wp\/v2\/comments?post=4935"}],"version-history":[{"count":3,"href":"https:\/\/peru-adventures.com\/es\/wp-json\/wp\/v2\/pages\/4935\/revisions"}],"predecessor-version":[{"id":6159,"href":"https:\/\/peru-adventures.com\/es\/wp-json\/wp\/v2\/pages\/4935\/revisions\/6159"}],"wp:attachment":[{"href":"https:\/\/peru-adventures.com\/es\/wp-json\/wp\/v2\/media?parent=4935"}],"curies":[{"name":"wp","href":"https:\/\/api.w.org\/{rel}","templated":true}]}}